{"id":36537,"date":"2024-03-31T16:55:40","date_gmt":"2024-03-31T14:55:40","guid":{"rendered":"https:\/\/xeuxis.com\/?post_type=product&#038;p=36537"},"modified":"2024-05-16T15:33:52","modified_gmt":"2024-05-16T13:33:52","slug":"palemon-orne","status":"publish","type":"product","link":"https:\/\/xeuxis.com\/en\/produkt\/palemon-orne\/","title":{"rendered":"Pal\u00e9mon orn\u00e9"},"content":{"rendered":"<div class=\"product_title entry-title\">\n<p>Xeuxis Studio,<\/p>\n<div class=\"flex flex-grow flex-col max-w-full\">\n<div class=\"min-h-[20px] text-message flex flex-col items-start gap-3 whitespace-pre-wrap break-words [.text-message+&amp;]:mt-5 overflow-x-auto\" data-message-author-role=\"assistant\" data-message-id=\"609e99a0-3dee-473f-a210-08f2c0633140\">\n<div class=\"markdown prose w-full break-words dark:prose-invert dark\">\n<p>&#8220;Pal\u00e9mon orn\u00e9&#8221;\/ &#8220;Palemon Ornatum&#8221;<\/p>\n<\/div>\n<\/div>\n<\/div>\n<\/div>\n<p>auf Deutsch in etwa: &#8216;Geschm\u00fcckte Garnele&#8217;<\/p>\n<div><\/div>\n<p>Bearbeitung eines illustrierten Eintrags aus dem &#8220;Dictionnaire Universel d&#8217;Histoire Naturelle&#8221;, herausgegeben von Charles Dessalines d&#8217;Orbigny, im Jahr 1892.<\/p>\n<p>&nbsp;<\/p>\n<p>Die faszinierende Welt der Vintage-Enzyklop\u00e4dien erwacht hier zu neuem Leben: Diese Serie kunstvoller Bearbeitungen aus dem Xeuxis Studio vereint das Nostalgische mit einem lebendigen, modernen Flair. Jede Illustration wurde liebevoll \u00fcberarbeitet, um ihre urspr\u00fcngliche Farbenpracht und Detailtiefe zu betonen. Durch kr\u00e4ftige Hintergrundfarben und einen frisch gesetzten Text erstrahlen die Bilder in neuem Glanz und werden zum absoluten Blickfang! Jedes einzelne Bild ist bereits f\u00fcr sich ein visuelles Fest. Als mehrteilige Kollektion ist die Serie auch besonders gut geeignet, um sie \u00fcber verschiedene R\u00e4ume hinweg zu pr\u00e4sentieren \u2013 sei es zu Hause oder in Gesch\u00e4ftsr\u00e4umen.<\/p>\n<p>&nbsp;<\/p>\n<p>\u2022 Bearbeitung und Layout aus dem Xeuxis Studio, Bilddatei digital optimiert<br \/>\n\u2022 Hochaufl\u00f6sender Gicl\u00e9e Druck, gedruckt mit Pigmenttinten<br \/>\n\u2022 Langzeit UV-Best\u00e4ndig \/ Lichtecht<br \/>\n\u2022 Verkauf ohne Rahmen<br \/>\n\u2022 Mehr Details und Information zu den Papieren finden Sie hier: &#8216;<a href=\"https:\/\/xeuxis.com\/ueber-unsere-kunstdrucke\/\">\u00dcber unsere Drucke<\/a>&#8216;<\/p>\n","protected":false},"excerpt":{"rendered":"<p>Xeuxis Studio, &#8220;Pal\u00e9mon orn\u00e9&#8221;\/ &#8220;Palemon Ornatum&#8221; auf Deutsch in etwa: &#8216;Geschm\u00fcckte Garnele&#8217; Bearbeitung eines illustrierten Eintrags aus dem &#8220;Dictionnaire Universel d&#8217;Histoire Naturelle&#8221;, herausgegeben von Charles Dessalines d&#8217;Orbigny, im Jahr 1892. &nbsp; Die faszinierende Welt der Vintage-Enzyklop\u00e4dien erwacht hier zu neuem Leben: Diese Serie kunstvoller Bearbeitungen aus dem Xeuxis Studio vereint das Nostalgische mit einem lebendigen, [&hellip;]<\/p>\n","protected":false},"featured_media":36555,"template":"","meta":{"_crdt_document":"","site-sidebar-layout":"default","site-content-layout":"default","ast-site-content-layout":"default","site-content-style":"default","site-sidebar-style":"default","ast-global-header-display":"","ast-banner-title-visibility":"","ast-main-header-display":"","ast-hfb-above-header-display":"","ast-hfb-below-header-display":"","ast-hfb-mobile-header-display":"","site-post-title":"","ast-breadcrumbs-content":"","ast-featured-img":"","footer-sml-layout":"","ast-disable-related-posts":"","theme-transparent-header-meta":"default","adv-header-id-meta":"","stick-header-meta":"default","header-above-stick-meta":"","header-main-stick-meta":"","header-below-stick-meta":"","astra-migrate-meta-layouts":"set","ast-page-background-enabled":"default","ast-page-background-meta":{"desktop":{"background-color":"var(--ast-global-color-4)","background-image":"","background-repeat":"repeat","background-position":"center center","background-size":"auto","background-attachment":"scroll","background-type":"","background-media":"","overlay-type":"","overlay-color":"","overlay-opacity":"","overlay-gradient":""},"tablet":{"background-color":"","background-image":"","background-repeat":"repeat","background-position":"center center","background-size":"auto","background-attachment":"scroll","background-type":"","background-media":"","overlay-type":"","overlay-color":"","overlay-opacity":"","overlay-gradient":""},"mobile":{"background-color":"","background-image":"","background-repeat":"repeat","background-position":"center center","background-size":"auto","background-attachment":"scroll","background-type":"","background-media":"","overlay-type":"","overlay-color":"","overlay-opacity":"","overlay-gradient":""}},"ast-content-background-meta":{"desktop":{"background-color":"var(--ast-global-color-5)","background-image":"","background-repeat":"repeat","background-position":"center center","background-size":"auto","background-attachment":"scroll","background-type":"","background-media":"","overlay-type":"","overlay-color":"","overlay-opacity":"","overlay-gradient":""},"tablet":{"background-color":"var(--ast-global-color-5)","background-image":"","background-repeat":"repeat","background-position":"center center","background-size":"auto","background-attachment":"scroll","background-type":"","background-media":"","overlay-type":"","overlay-color":"","overlay-opacity":"","overlay-gradient":""},"mobile":{"background-color":"var(--ast-global-color-5)","background-image":"","background-repeat":"repeat","background-position":"center center","background-size":"auto","background-attachment":"scroll","background-type":"","background-media":"","overlay-type":"","overlay-color":"","overlay-opacity":"","overlay-gradient":""}}},"product_brand":[],"product_cat":[2017,1572,1385,1964],"product_tag":[1482,1494],"class_list":{"0":"post-36537","1":"product","2":"type-product","3":"status-publish","4":"has-post-thumbnail","6":"product_cat-dictionaire-naturel-xeuxis-originals","7":"product_cat-fauna-all","8":"product_cat-fauna","9":"product_cat-xeuxis-studio","10":"product_tag-fauna","11":"product_tag-wohnzimmer","12":"desktop-align-left","13":"tablet-align-left","14":"mobile-align-left","15":"ast-product-gallery-layout-horizontal-slider","16":"ast-product-single-variable","17":"ast-product-tabs-layout-horizontal","19":"first","20":"instock","21":"taxable","22":"shipping-taxable","23":"purchasable","24":"product-type-variable","25":"has-default-attributes","26":"add-to-wishlist-after_add_to_cart"},"_links":{"self":[{"href":"https:\/\/xeuxis.com\/en\/wp-json\/wp\/v2\/product\/36537","targetHints":{"allow":["GET"]}}],"collection":[{"href":"https:\/\/xeuxis.com\/en\/wp-json\/wp\/v2\/product"}],"about":[{"href":"https:\/\/xeuxis.com\/en\/wp-json\/wp\/v2\/types\/product"}],"wp:featuredmedia":[{"embeddable":true,"href":"https:\/\/xeuxis.com\/en\/wp-json\/wp\/v2\/media\/36555"}],"wp:attachment":[{"href":"https:\/\/xeuxis.com\/en\/wp-json\/wp\/v2\/media?parent=36537"}],"wp:term":[{"taxonomy":"product_brand","embeddable":true,"href":"https:\/\/xeuxis.com\/en\/wp-json\/wp\/v2\/product_brand?post=36537"},{"taxonomy":"product_cat","embeddable":true,"href":"https:\/\/xeuxis.com\/en\/wp-json\/wp\/v2\/product_cat?post=36537"},{"taxonomy":"product_tag","embeddable":true,"href":"https:\/\/xeuxis.com\/en\/wp-json\/wp\/v2\/product_tag?post=36537"}],"curies":[{"name":"wp","href":"https:\/\/api.w.org\/{rel}","templated":true}]}}