{"id":32507,"date":"2023-12-13T16:27:23","date_gmt":"2023-12-13T15:27:23","guid":{"rendered":"https:\/\/xeuxis.com\/produkt\/goten-yama-hill-shinagawa-on-the-tokaido-2\/"},"modified":"2023-12-13T16:27:23","modified_gmt":"2023-12-13T15:27:23","slug":"goten-yama-hill-shinagawa-on-the-tokaido-2","status":"publish","type":"product","link":"https:\/\/xeuxis.com\/en\/produkt\/goten-yama-hill-shinagawa-on-the-tokaido-2\/","title":{"rendered":"Goten-yama-hill, Shinagawa on the T\u014dkaid\u014d"},"content":{"rendered":"<p><strong>Katsushika Hokusai, Goten-yama-hill, Shinagawa on the T\u014dkaid\u014d<br \/>\n<\/strong><\/p>\n<p>&nbsp;<\/p>\n<p>Part of the series: &#8220;36 Views of Mount Fuji&#8221;.<\/p>\n<p>Katsushika Hokusai (1760-1849) was an important Japanese artist of the Ukiyo-e genre.<br \/>\nOver a career spanning seventy years, he created an extensive oeuvre with around 3000 colour prints, over 200 book illustrations, hundreds of drawings and over 1000 paintings.<\/p>\n<p>&nbsp;<\/p>\n<p>Hokusai&#8217;s influence on art history was enormous, with an impact on many European artists such as Paul Gauguin, Vincent van Gogh, Claude Monet and Alfred Sisley. His work played a key role in the Japonism movement.<\/p>\n<p>&nbsp;<\/p>\n<p><strong>\u2022 Print file digitally remastered in our studio<\/strong><\/p>\n<p><strong>\u2022 Printed with love and attention to detail in Berlin<\/strong><\/p>\n<p><strong>&#8211; Archival print, guaranteed 75 years fade-resistant<\/strong><\/p>\n<p><strong>\u2022 Sale without frame<\/strong><\/p>\n<p><strong>\u2022 More details and information about the papers can be found here: &#8216;<a href=\"https:\/\/xeuxis.com\/ueber-unsere-kunstdrucke\/\">About our prints<\/a>&#8216;<\/strong><\/p>\n","protected":false},"excerpt":{"rendered":"<p>Katsushika Hokusai, Goten-yama-hill, Shinagawa on the T\u014dkaid\u014d &nbsp; Part of the series: &#8220;36 Views of Mount Fuji&#8221;. Katsushika Hokusai (1760-1849) was an important Japanese artist of the Ukiyo-e genre. Over a career spanning seventy years, he created an extensive oeuvre with around 3000 colour prints, over 200 book illustrations, hundreds of drawings and over 1000 [&hellip;]<\/p>\n","protected":false},"featured_media":15637,"template":"","meta":{"_crdt_document":"","site-sidebar-layout":"default","site-content-layout":"default","ast-site-content-layout":"default","site-content-style":"default","site-sidebar-style":"default","ast-global-header-display":"","ast-banner-title-visibility":"","ast-main-header-display":"","ast-hfb-above-header-display":"","ast-hfb-below-header-display":"","ast-hfb-mobile-header-display":"","site-post-title":"","ast-breadcrumbs-content":"","ast-featured-img":"","footer-sml-layout":"","ast-disable-related-posts":"","theme-transparent-header-meta":"default","adv-header-id-meta":"","stick-header-meta":"default","header-above-stick-meta":"","header-main-stick-meta":"","header-below-stick-meta":"","astra-migrate-meta-layouts":"default","ast-page-background-enabled":"default","ast-page-background-meta":{"desktop":{"background-color":"var(--ast-global-color-4)","background-image":"","background-repeat":"repeat","background-position":"center center","background-size":"auto","background-attachment":"scroll","background-type":"","background-media":"","overlay-type":"","overlay-color":"","overlay-opacity":"","overlay-gradient":""},"tablet":{"background-color":"","background-image":"","background-repeat":"repeat","background-position":"center center","background-size":"auto","background-attachment":"scroll","background-type":"","background-media":"","overlay-type":"","overlay-color":"","overlay-opacity":"","overlay-gradient":""},"mobile":{"background-color":"","background-image":"","background-repeat":"repeat","background-position":"center center","background-size":"auto","background-attachment":"scroll","background-type":"","background-media":"","overlay-type":"","overlay-color":"","overlay-opacity":"","overlay-gradient":""}},"ast-content-background-meta":{"desktop":{"background-color":"var(--ast-global-color-5)","background-image":"","background-repeat":"repeat","background-position":"center center","background-size":"auto","background-attachment":"scroll","background-type":"","background-media":"","overlay-type":"","overlay-color":"","overlay-opacity":"","overlay-gradient":""},"tablet":{"background-color":"var(--ast-global-color-5)","background-image":"","background-repeat":"repeat","background-position":"center center","background-size":"auto","background-attachment":"scroll","background-type":"","background-media":"","overlay-type":"","overlay-color":"","overlay-opacity":"","overlay-gradient":""},"mobile":{"background-color":"var(--ast-global-color-5)","background-image":"","background-repeat":"repeat","background-position":"center center","background-size":"auto","background-attachment":"scroll","background-type":"","background-media":"","overlay-type":"","overlay-color":"","overlay-opacity":"","overlay-gradient":""}}},"product_brand":[],"product_cat":[1644,1856,1643],"product_tag":[1863,1864,1865,1755,1867],"class_list":{"0":"post-32507","1":"product","2":"type-product","3":"status-publish","4":"has-post-thumbnail","6":"product_cat-old-masters-en","7":"product_cat-katsushika-hokusai-en","8":"product_cat-xeuxis-classics-en","9":"product_tag-edo-periode-en","10":"product_tag-japanisch-en","11":"product_tag-kitchen-dining","12":"product_tag-living-room","13":"product_tag-woodcut","14":"desktop-align-left","15":"tablet-align-left","16":"mobile-align-left","17":"ast-product-gallery-layout-horizontal-slider","18":"ast-product-single-variable","19":"ast-product-tabs-layout-horizontal","21":"first","22":"instock","23":"taxable","24":"shipping-taxable","25":"purchasable","26":"product-type-variable","27":"has-default-attributes","28":"add-to-wishlist-after_add_to_cart"},"_links":{"self":[{"href":"https:\/\/xeuxis.com\/en\/wp-json\/wp\/v2\/product\/32507","targetHints":{"allow":["GET"]}}],"collection":[{"href":"https:\/\/xeuxis.com\/en\/wp-json\/wp\/v2\/product"}],"about":[{"href":"https:\/\/xeuxis.com\/en\/wp-json\/wp\/v2\/types\/product"}],"wp:featuredmedia":[{"embeddable":true,"href":"https:\/\/xeuxis.com\/en\/wp-json\/wp\/v2\/media\/15637"}],"wp:attachment":[{"href":"https:\/\/xeuxis.com\/en\/wp-json\/wp\/v2\/media?parent=32507"}],"wp:term":[{"taxonomy":"product_brand","embeddable":true,"href":"https:\/\/xeuxis.com\/en\/wp-json\/wp\/v2\/product_brand?post=32507"},{"taxonomy":"product_cat","embeddable":true,"href":"https:\/\/xeuxis.com\/en\/wp-json\/wp\/v2\/product_cat?post=32507"},{"taxonomy":"product_tag","embeddable":true,"href":"https:\/\/xeuxis.com\/en\/wp-json\/wp\/v2\/product_tag?post=32507"}],"curies":[{"name":"wp","href":"https:\/\/api.w.org\/{rel}","templated":true}]}}